{"id":1460,"date":"2023-03-14T09:19:02","date_gmt":"2023-03-14T09:19:02","guid":{"rendered":"https:\/\/sepropyme.com\/apartamentosisa\/la-palma\/buceo\/"},"modified":"2023-10-13T08:29:48","modified_gmt":"2023-10-13T08:29:48","slug":"tauchen","status":"publish","type":"page","link":"https:\/\/apartamentosisa.com\/de\/la-palma\/tauchen\/","title":{"rendered":"Tauchen"},"content":{"rendered":"<p><span style=\"font-weight: 400;\">Wenn Sie das Tauchen m\u00f6gen, bieten die subtropischen Gew\u00e4sser um La Palma einen einzigartigen Park. Das Meer an der Westk\u00fcste von La Palma wird von Klippen und Abgr\u00fcnden, Lavab\u00f6gen, Schluchten, Lavat\u00fcrmen und H\u00f6hlen dominiert, mit Sichtweiten von bis zu 50 Metern, die faszinierende Tauchg\u00e4nge f\u00fcr Anf\u00e4nger und erfahrene Taucher bieten. Die meisten Tauchpl\u00e4tze an der Westk\u00fcste befinden sich in der Westzone, die sich s\u00fcdlich des einzigen Meeresreservats der Insel erstreckt.<\/span><\/p>\n<p><span style=\"font-weight: 400;\">Anstatt zu beschreiben, was Sie unter Wasser finden k\u00f6nnen, haben wir ein paar Unterwasservideos beigef\u00fcgt, die Ihnen sicher eine klarere Vorstellung vermitteln werden!<\/span><\/p>\n<p>&nbsp;<\/p>\n<p><iframe loading=\"lazy\" title=\"\u00bfQu\u00e9 ser\u00eda de una Isla sin el azul de su mar?\" src=\"https:\/\/player.vimeo.com\/video\/106613935?dnt=1&amp;app_id=122963\" width=\"850\" height=\"478\" frameborder=\"0\" allow=\"autoplay; fullscreen; picture-in-picture\"><\/iframe><\/p>\n<style>\/*! elementor - v3.11.3 - 07-03-2023 *\/<br \/>\n.elementor-column .elementor-spacer-inner{height:var(--spacer-size)}.e-con{--container-widget-width:100%}.e-con-inner>.elementor-widget-spacer,.e-con>.elementor-widget-spacer{width:var(--container-widget-width,var(--spacer-size));--align-self:var(--container-widget-align-self,initial);--flex-shrink:0}.e-con-inner>.elementor-widget-spacer>.elementor-widget-container,.e-con-inner>.elementor-widget-spacer>.elementor-widget-container>.elementor-spacer,.e-con>.elementor-widget-spacer>.elementor-widget-container,.e-con>.elementor-widget-spacer>.elementor-widget-container>.elementor-spacer{height:100%}.e-con-inner>.elementor-widget-spacer>.elementor-widget-container>.elementor-spacer>.elementor-spacer-inner,.e-con>.elementor-widget-spacer>.elementor-widget-container>.elementor-spacer>.elementor-spacer-inner{height:var(--container-widget-height,var(--spacer-size))}<\/style>\n<p><iframe loading=\"lazy\" title=\"La Palma, Isla Azul\" width=\"850\" height=\"478\" src=\"https:\/\/www.youtube.com\/embed\/jxtNvBpYShQ?feature=oembed\" frameborder=\"0\" allow=\"accelerometer; autoplay; clipboard-write; encrypted-media; gyroscope; picture-in-picture; web-share\" allowfullscreen><\/iframe><br \/>\n<iframe loading=\"lazy\" title=\"Tauchen im subtropischen Atlantik vor La Palma, Kanarische Inseln.\" width=\"850\" height=\"478\" src=\"https:\/\/www.youtube.com\/embed\/Vl787BqURws?feature=oembed\" frameborder=\"0\" allow=\"accelerometer; autoplay; clipboard-write; encrypted-media; gyroscope; picture-in-picture; web-share\" allowfullscreen><\/iframe><\/p>\n","protected":false},"excerpt":{"rendered":"<p>Wenn Sie das Tauchen m\u00f6gen, bieten die subtropischen Gew\u00e4sser um La Palma einen einzigartigen Park. Das Meer an der Westk\u00fcste von La Palma wird von Klippen und Abgr\u00fcnden, Lavab\u00f6gen, Schluchten, Lavat\u00fcrmen und H\u00f6hlen dominiert, mit Sichtweiten von bis zu 50 Metern, die faszinierende Tauchg\u00e4nge f\u00fcr Anf\u00e4nger und erfahrene Taucher bieten. Die meisten Tauchpl\u00e4tze an der [&hellip;]<\/p>\n","protected":false},"author":1,"featured_media":0,"parent":1427,"menu_order":0,"comment_status":"closed","ping_status":"closed","template":"","meta":{"footnotes":""},"class_list":["post-1460","page","type-page","status-publish","hentry"],"_links":{"self":[{"href":"https:\/\/apartamentosisa.com\/de\/wp-json\/wp\/v2\/pages\/1460","targetHints":{"allow":["GET"]}}],"collection":[{"href":"https:\/\/apartamentosisa.com\/de\/wp-json\/wp\/v2\/pages"}],"about":[{"href":"https:\/\/apartamentosisa.com\/de\/wp-json\/wp\/v2\/types\/page"}],"author":[{"embeddable":true,"href":"https:\/\/apartamentosisa.com\/de\/wp-json\/wp\/v2\/users\/1"}],"replies":[{"embeddable":true,"href":"https:\/\/apartamentosisa.com\/de\/wp-json\/wp\/v2\/comments?post=1460"}],"version-history":[{"count":1,"href":"https:\/\/apartamentosisa.com\/de\/wp-json\/wp\/v2\/pages\/1460\/revisions"}],"predecessor-version":[{"id":1463,"href":"https:\/\/apartamentosisa.com\/de\/wp-json\/wp\/v2\/pages\/1460\/revisions\/1463"}],"up":[{"embeddable":true,"href":"https:\/\/apartamentosisa.com\/de\/wp-json\/wp\/v2\/pages\/1427"}],"wp:attachment":[{"href":"https:\/\/apartamentosisa.com\/de\/wp-json\/wp\/v2\/media?parent=1460"}],"curies":[{"name":"wp","href":"https:\/\/api.w.org\/{rel}","templated":true}]}}