{"id":1454,"date":"2023-03-14T09:18:32","date_gmt":"2023-03-14T09:18:32","guid":{"rendered":"https:\/\/sepropyme.com\/apartamentosisa\/la-palma\/ciclismo-de-montana\/"},"modified":"2023-10-13T08:23:32","modified_gmt":"2023-10-13T08:23:32","slug":"mountainbiken","status":"publish","type":"page","link":"https:\/\/apartamentosisa.com\/de\/la-palma\/mountainbiken\/","title":{"rendered":"Mountainbiken"},"content":{"rendered":"<p><strong>La Palma &#8211; Mountainbike-Paradies<\/strong><\/p>\n<p><span style=\"font-weight: 400;\">Mountainbiken ist eine der beliebtesten Sportaktivit\u00e4ten auf La Palma, und das aus gutem Grund. Es gibt \u00fcber 1.000 Kilometer Wanderwege auf der gesamten Insel, ideal zum Radfahren, sowie endlose M\u00f6glichkeiten abseits der ausgetretenen Pfade. Das \u00f6rtliche Klima, nie zu hei\u00df oder zu kalt, macht das Mountainbiken zu einer das ganze Jahr \u00fcber praktizierbaren Aktivit\u00e4t auf La Palma.<\/span><\/p>\n<p><span style=\"font-weight: 400;\">Die enorme Vielfalt der Landschaften auf La Palma l\u00e4dt dazu ein, jede Ecke der Insel zu erkunden, entlang von Wanderwegen von atemberaubender Sch\u00f6nheit durch W\u00e4lder, um majest\u00e4tische Berge oder Vulkane herum und hinunter in ruhige T\u00e4ler. Viele der Routen verlaufen entlang der Caminos Reales, den alten Pfaden, die die Guanchen vor Jahrhunderten benutzten, um sich auf der Insel zu bewegen. Das Radfahren auf La Palma kann auf allen Schwierigkeitsstufen praktiziert werden. Neben den Wanderwegen k\u00f6nnen Stra\u00dfenradfahrer das gut ausgebaute Stra\u00dfennetz nutzen, um die gesamte Insel zu erkunden. Mountainbike-Fans finden vulkanische Pfade, Nebenstra\u00dfen, flaches Gel\u00e4nde und Waldstrecken sowie Mulateras.<\/span><\/p>\n<p>&nbsp;<\/p>\n<p><iframe loading=\"lazy\" title=\"Roque de los Muchachos - Puerto de Tazacorte - Las mejores rutas mtb enduro en La Palma\" width=\"850\" height=\"478\" src=\"https:\/\/www.youtube.com\/embed\/pTtWoKTMIZE?feature=oembed\" frameborder=\"0\" allow=\"accelerometer; autoplay; clipboard-write; encrypted-media; gyroscope; picture-in-picture; web-share\" allowfullscreen><\/iframe><\/p>\n<style>\/*! elementor - v3.11.3 - 07-03-2023 *\/<br \/>\n.elementor-column .elementor-spacer-inner{height:var(--spacer-size)}.e-con{--container-widget-width:100%}.e-con-inner>.elementor-widget-spacer,.e-con>.elementor-widget-spacer{width:var(--container-widget-width,var(--spacer-size));--align-self:var(--container-widget-align-self,initial);--flex-shrink:0}.e-con-inner>.elementor-widget-spacer>.elementor-widget-container,.e-con-inner>.elementor-widget-spacer>.elementor-widget-container>.elementor-spacer,.e-con>.elementor-widget-spacer>.elementor-widget-container,.e-con>.elementor-widget-spacer>.elementor-widget-container>.elementor-spacer{height:100%}.e-con-inner>.elementor-widget-spacer>.elementor-widget-container>.elementor-spacer>.elementor-spacer-inner,.e-con>.elementor-widget-spacer>.elementor-widget-container>.elementor-spacer>.elementor-spacer-inner{height:var(--container-widget-height,var(--spacer-size))}<\/style>\n<p><iframe loading=\"lazy\" title=\"FLOW TRAILS LA PALMA | BEST OF THE YEAR 2022\" width=\"850\" height=\"478\" src=\"https:\/\/www.youtube.com\/embed\/c3HK64en1Ww?feature=oembed\" frameborder=\"0\" allow=\"accelerometer; autoplay; clipboard-write; encrypted-media; gyroscope; picture-in-picture; web-share\" allowfullscreen><\/iframe><br \/>\n<iframe loading=\"lazy\" title=\"Atlantic Cycling Mountainbike Postcard 02 La Palma\" width=\"850\" height=\"478\" src=\"https:\/\/www.youtube.com\/embed\/99A6iThGLDA?feature=oembed\" frameborder=\"0\" allow=\"accelerometer; autoplay; clipboard-write; encrypted-media; gyroscope; picture-in-picture; web-share\" allowfullscreen><\/iframe><\/p>\n","protected":false},"excerpt":{"rendered":"<p>La Palma &#8211; Mountainbike-Paradies Mountainbiken ist eine der beliebtesten Sportaktivit\u00e4ten auf La Palma, und das aus gutem Grund. Es gibt \u00fcber 1.000 Kilometer Wanderwege auf der gesamten Insel, ideal zum Radfahren, sowie endlose M\u00f6glichkeiten abseits der ausgetretenen Pfade. Das \u00f6rtliche Klima, nie zu hei\u00df oder zu kalt, macht das Mountainbiken zu einer das ganze Jahr [&hellip;]<\/p>\n","protected":false},"author":1,"featured_media":0,"parent":1427,"menu_order":0,"comment_status":"closed","ping_status":"closed","template":"","meta":{"footnotes":""},"class_list":["post-1454","page","type-page","status-publish","hentry"],"_links":{"self":[{"href":"https:\/\/apartamentosisa.com\/de\/wp-json\/wp\/v2\/pages\/1454","targetHints":{"allow":["GET"]}}],"collection":[{"href":"https:\/\/apartamentosisa.com\/de\/wp-json\/wp\/v2\/pages"}],"about":[{"href":"https:\/\/apartamentosisa.com\/de\/wp-json\/wp\/v2\/types\/page"}],"author":[{"embeddable":true,"href":"https:\/\/apartamentosisa.com\/de\/wp-json\/wp\/v2\/users\/1"}],"replies":[{"embeddable":true,"href":"https:\/\/apartamentosisa.com\/de\/wp-json\/wp\/v2\/comments?post=1454"}],"version-history":[{"count":1,"href":"https:\/\/apartamentosisa.com\/de\/wp-json\/wp\/v2\/pages\/1454\/revisions"}],"predecessor-version":[{"id":1455,"href":"https:\/\/apartamentosisa.com\/de\/wp-json\/wp\/v2\/pages\/1454\/revisions\/1455"}],"up":[{"embeddable":true,"href":"https:\/\/apartamentosisa.com\/de\/wp-json\/wp\/v2\/pages\/1427"}],"wp:attachment":[{"href":"https:\/\/apartamentosisa.com\/de\/wp-json\/wp\/v2\/media?parent=1454"}],"curies":[{"name":"wp","href":"https:\/\/api.w.org\/{rel}","templated":true}]}}