{"id":1447,"date":"2023-03-14T09:17:34","date_gmt":"2023-03-14T09:17:34","guid":{"rendered":"https:\/\/sepropyme.com\/apartamentosisa\/la-palma\/hiking\/"},"modified":"2023-10-13T08:16:49","modified_gmt":"2023-10-13T08:16:49","slug":"wandern","status":"publish","type":"page","link":"https:\/\/apartamentosisa.com\/de\/la-palma\/wandern\/","title":{"rendered":"Wandern"},"content":{"rendered":"<p><span style=\"font-weight: 400;\">La Palma ist die Insel f\u00fcr Wanderliebhaber. Jedes Jahr kommen Besucher aus der ganzen Welt auf diese Insel, um diese Aktivit\u00e4t zu praktizieren. Ob Naturfreunde, die an gef\u00fchrten Wanderungen interessiert sind, Nordic Walking-Enthusiasten oder erfahrene Bergsteiger, La Palma hat viel zu bieten. Der Nationalpark Caldera de Taburiente und die unber\u00fchrten Nebelw\u00e4lder von Los Tilos sind nur zwei Gr\u00fcnde, warum die UNESCO die Insel La Palma zum &#8222;Weltnaturerbe&#8220; erkl\u00e4rt hat.<\/span><\/p>\n<p><iframe loading=\"lazy\" title=\"Hiking La Palma: Introduction and Highlights\" src=\"https:\/\/player.vimeo.com\/video\/73200210?dnt=1&amp;app_id=122963\" width=\"850\" height=\"478\" frameborder=\"0\" allow=\"autoplay; fullscreen; picture-in-picture\"><\/iframe><\/p>\n<style>\/*! elementor - v3.11.3 - 07-03-2023 *\/<br \/>.elementor-column .elementor-spacer-inner{height:var(--spacer-size)}.e-con{--container-widget-width:100%}.e-con-inner>.elementor-widget-spacer,.e-con>.elementor-widget-spacer{width:var(--container-widget-width,var(--spacer-size));--align-self:var(--container-widget-align-self,initial);--flex-shrink:0}.e-con-inner>.elementor-widget-spacer>.elementor-widget-container,.e-con-inner>.elementor-widget-spacer>.elementor-widget-container>.elementor-spacer,.e-con>.elementor-widget-spacer>.elementor-widget-container,.e-con>.elementor-widget-spacer>.elementor-widget-container>.elementor-spacer{height:100%}.e-con-inner>.elementor-widget-spacer>.elementor-widget-container>.elementor-spacer>.elementor-spacer-inner,.e-con>.elementor-widget-spacer>.elementor-widget-container>.elementor-spacer>.elementor-spacer-inner{height:var(--container-widget-height,var(--spacer-size))}<\/style>\n<p><span style=\"font-weight: 400;\">Obwohl sie eine der kleinsten Inseln der Kanarischen Inseln ist, ist La Palma die zweith\u00f6chste Insel des Archipels und hat drei Gebirgsketten auf ihrem kleinen Gebiet. Der n\u00f6rdliche Teil der Insel beherbergt die Taburiente-Caldera, einen der gr\u00f6\u00dften Erosionskrater der Welt, eine riesige Caldera, fast 2500 Meter hoch und mit einem Durchmesser von 9 Kilometern. Im s\u00fcdlichen Teil der Insel liegt die Cumbre Vieja, die j\u00fcngste Vulkanbergkette, die ebenfalls fast 2000 Meter hoch ist. Entlang des Kammes dieser Vulkanbergkette gibt es einen wundersch\u00f6nen Weg, die Volcano Route.<\/span><\/p>\n<p><span style=\"font-weight: 400;\">Entlang des Randes der Cumbre Vieja, einer Erhebung, die sich von der Caldera im Zentrum der Insel bis nach Fuencaliente im S\u00fcden erstreckt, k\u00f6nnen Sie Ausfl\u00fcge zu Fu\u00df unternehmen und die typische vulkanische Landschaft der Insel genie\u00dfen. Ein Weg, der durch schwarze Aschefelder, erloschene Krater, Lavafelder und unwirkliche Felsformationen f\u00fchrt, alles mit fantastischen Blicken auf den Atlantischen Ozean.<\/span><\/p>\n<p><span style=\"font-weight: 400;\">Die Stra\u00dfen und Wanderwege von La Palma sind sehr gut ausgeschildert, markiert und gem\u00e4\u00df den Konventionen der &#8222;European Rambler Association&#8220; (ERA) klassifiziert.<\/span><\/p>\n<p><span style=\"font-weight: 400;\">Die k\u00fcrzeren Wanderwege sind als S.L. gekennzeichnet, was &#8222;Sendero local&#8220; (lokaler Wanderweg) bedeutet. Dies sind Wanderungen von weniger als 10 Kilometern L\u00e4nge, von denen es 36 auf La Palma gibt. Die P.R. Wanderwege sind unten aufgef\u00fchrt. PR bedeutet &#8222;Short Distance Trail&#8220; (Wanderweg auf kurze Distanz) und sind Wanderwege, die an einem Tag abgeschlossen werden k\u00f6nnen. Es gibt 42 davon auf La Palma. Schlie\u00dflich gibt es die G.R. Wanderwege. G.R. steht f\u00fcr &#8222;sendero de Largo Recorrido&#8220; (Fernwanderweg) und diese ben\u00f6tigen mehr als einen Tag, um sie zu absolvieren. Auf La Palma gibt es 2 davon.<\/span><\/p>\n<p><strong><a role=\"button\" href=\"https:\/\/www.senderosdelapalma.es\/\" target=\"_blank\" rel=\"noopener\">Wegenetz auf La Palma <\/a><\/strong><\/p>\n","protected":false},"excerpt":{"rendered":"<p>La Palma ist die Insel f\u00fcr Wanderliebhaber. Jedes Jahr kommen Besucher aus der ganzen Welt auf diese Insel, um diese Aktivit\u00e4t zu praktizieren. Ob Naturfreunde, die an gef\u00fchrten Wanderungen interessiert sind, Nordic Walking-Enthusiasten oder erfahrene Bergsteiger, La Palma hat viel zu bieten. Der Nationalpark Caldera de Taburiente und die unber\u00fchrten Nebelw\u00e4lder von Los Tilos sind [&hellip;]<\/p>\n","protected":false},"author":1,"featured_media":0,"parent":1427,"menu_order":0,"comment_status":"closed","ping_status":"closed","template":"","meta":{"footnotes":""},"class_list":["post-1447","page","type-page","status-publish","hentry"],"_links":{"self":[{"href":"https:\/\/apartamentosisa.com\/de\/wp-json\/wp\/v2\/pages\/1447","targetHints":{"allow":["GET"]}}],"collection":[{"href":"https:\/\/apartamentosisa.com\/de\/wp-json\/wp\/v2\/pages"}],"about":[{"href":"https:\/\/apartamentosisa.com\/de\/wp-json\/wp\/v2\/types\/page"}],"author":[{"embeddable":true,"href":"https:\/\/apartamentosisa.com\/de\/wp-json\/wp\/v2\/users\/1"}],"replies":[{"embeddable":true,"href":"https:\/\/apartamentosisa.com\/de\/wp-json\/wp\/v2\/comments?post=1447"}],"version-history":[{"count":1,"href":"https:\/\/apartamentosisa.com\/de\/wp-json\/wp\/v2\/pages\/1447\/revisions"}],"predecessor-version":[{"id":1451,"href":"https:\/\/apartamentosisa.com\/de\/wp-json\/wp\/v2\/pages\/1447\/revisions\/1451"}],"up":[{"embeddable":true,"href":"https:\/\/apartamentosisa.com\/de\/wp-json\/wp\/v2\/pages\/1427"}],"wp:attachment":[{"href":"https:\/\/apartamentosisa.com\/de\/wp-json\/wp\/v2\/media?parent=1447"}],"curies":[{"name":"wp","href":"https:\/\/api.w.org\/{rel}","templated":true}]}}