{"id":1439,"date":"2023-03-14T09:20:42","date_gmt":"2023-03-14T09:20:42","guid":{"rendered":"https:\/\/sepropyme.com\/apartamentosisa\/la-palma\/visita-ecofincas-agricolas\/"},"modified":"2023-10-13T08:11:45","modified_gmt":"2023-10-13T08:11:45","slug":"besuch-auf-biohoefen","status":"publish","type":"page","link":"https:\/\/apartamentosisa.com\/de\/la-palma\/besuch-auf-biohoefen\/","title":{"rendered":"Besuch auf Bioh\u00f6fen"},"content":{"rendered":"<p><strong>La Palma ist eine l\u00e4ndliche Insel, die einen Teil ihrer Wirtschaft auf den Prim\u00e4rsektor st\u00fctzt.<\/strong><\/p>\n<p><span style=\"font-weight: 400;\">W\u00e4hrend Ihres Besuchs auf La Palma schlagen wir vor, eine einzigartige Erfahrung zu machen, indem Sie verschiedene Bioh\u00f6fe auf der Insel kennenlernen und besuchen. La Palma, bekannt als &#8222;La Isla Bonita&#8220;, ist ein Naturparadies mit beeindruckender Biodiversit\u00e4t und einem subtropischen Klima, das ideal f\u00fcr nachhaltigen Anbau ist. Diese Bioh\u00f6fe sind authentische Oasen der Ruhe, in denen die Sch\u00f6nheit der Natur mit der Produktion von Bio-Lebensmitteln und dem Schutz der Umwelt kombiniert wird.<\/span><\/p>\n<p><span style=\"font-weight: 400;\">Jede Biofinca auf La Palma hat ihre eigene Pers\u00f6nlichkeit und bietet einen einzigartigen Einblick in das l\u00e4ndliche Leben auf der Insel. Sie k\u00f6nnen Ihre Tour damit beginnen, einen Avocado- und Bananenbauernhof zu besuchen, auf dem Sie frisches Obst probieren und den organischen Anbauprozess kennenlernen k\u00f6nnen. Als n\u00e4chstes k\u00f6nnten Sie zu einem Kaffee-Biohof gehen, auf dem Sie den Prozess der Herstellung von hochwertigem Kaffee in einer von \u00fcppiger Vegetation umgebenen Umgebung kennenlernen werden.<\/span><\/p>\n<p><span style=\"font-weight: 400;\">Eine andere Option ist der Besuch eines Bauernhofs, der sich der Herstellung von handwerklichem Wein widmet. Hier k\u00f6nnen Sie die Weinberge besichtigen und lokale Weine probieren, w\u00e4hrend Sie traditionelle Weinherstellungstechniken kennenlernen, die von Generation zu Generation weitergegeben wurden.<\/span><\/p>\n<p><span style=\"font-weight: 400;\">Wenn Sie nach einer intimen Erfahrung mit der Natur suchen, k\u00f6nnen Sie einen Biohof besuchen, der Wander- und Vogelbeobachtungsaktivit\u00e4ten auf seinem weitl\u00e4ufigen Naturgel\u00e4nde anbietet. La Palma ist bekannt f\u00fcr seine malerischen Wanderwege und reiche Vogelwelt, was dieses Erlebnis unvergesslich macht.<\/span><\/p>\n<p><span style=\"font-weight: 400;\">Durch den Besuch dieser Bioh\u00f6fe haben Sie nicht nur die M\u00f6glichkeit, die Sonne und das gute Klima von La Palma zu genie\u00dfen, sondern Sie tragen auch dazu bei, nachhaltige landwirtschaftliche Praktiken und den Schutz der nat\u00fcrlichen Landschaften der Insel zu unterst\u00fctzen. Dar\u00fcber hinaus werden Sie die lokale Kultur und Tradition kennenlernen, w\u00e4hrend Sie sich in die Sch\u00f6nheit dieses Teils des Kanarischen Archipels vertiefen. W\u00e4hrend Ihres Aufenthalts auf La Palma sollten Sie also nicht die Gelegenheit verpassen, diese Bioh\u00f6fe zu besuchen und in die Authentizit\u00e4t des l\u00e4ndlichen Lebens auf der Insel einzutauchen.<\/span><\/p>\n<p><iframe loading=\"lazy\" title=\"ECOFINCA NOGALES\" width=\"850\" height=\"478\" src=\"https:\/\/www.youtube.com\/embed\/x3OeHgkZSfc?feature=oembed\" frameborder=\"0\" allow=\"accelerometer; autoplay; clipboard-write; encrypted-media; gyroscope; picture-in-picture; web-share\" allowfullscreen><\/iframe><\/p>\n<style>\/*! elementor - v3.11.3 - 07-03-2023 *\/<br \/>\n.elementor-column .elementor-spacer-inner{height:var(--spacer-size)}.e-con{--container-widget-width:100%}.e-con-inner>.elementor-widget-spacer,.e-con>.elementor-widget-spacer{width:var(--container-widget-width,var(--spacer-size));--align-self:var(--container-widget-align-self,initial);--flex-shrink:0}.e-con-inner>.elementor-widget-spacer>.elementor-widget-container,.e-con-inner>.elementor-widget-spacer>.elementor-widget-container>.elementor-spacer,.e-con>.elementor-widget-spacer>.elementor-widget-container,.e-con>.elementor-widget-spacer>.elementor-widget-container>.elementor-spacer{height:100%}.e-con-inner>.elementor-widget-spacer>.elementor-widget-container>.elementor-spacer>.elementor-spacer-inner,.e-con>.elementor-widget-spacer>.elementor-widget-container>.elementor-spacer>.elementor-spacer-inner{height:var(--container-widget-height,var(--spacer-size))}<\/style>\n<p><iframe loading=\"lazy\" title=\"FINCA LA SUALLERA\" width=\"850\" height=\"478\" src=\"https:\/\/www.youtube.com\/embed\/T_yNY8b-R9E?feature=oembed\" frameborder=\"0\" allow=\"accelerometer; autoplay; clipboard-write; encrypted-media; gyroscope; picture-in-picture; web-share\" allowfullscreen><\/iframe><\/p>\n","protected":false},"excerpt":{"rendered":"<p>La Palma ist eine l\u00e4ndliche Insel, die einen Teil ihrer Wirtschaft auf den Prim\u00e4rsektor st\u00fctzt. W\u00e4hrend Ihres Besuchs auf La Palma schlagen wir vor, eine einzigartige Erfahrung zu machen, indem Sie verschiedene Bioh\u00f6fe auf der Insel kennenlernen und besuchen. La Palma, bekannt als &#8222;La Isla Bonita&#8220;, ist ein Naturparadies mit beeindruckender Biodiversit\u00e4t und einem subtropischen [&hellip;]<\/p>\n","protected":false},"author":1,"featured_media":0,"parent":1427,"menu_order":0,"comment_status":"closed","ping_status":"closed","template":"","meta":{"footnotes":""},"class_list":["post-1439","page","type-page","status-publish","hentry"],"_links":{"self":[{"href":"https:\/\/apartamentosisa.com\/de\/wp-json\/wp\/v2\/pages\/1439","targetHints":{"allow":["GET"]}}],"collection":[{"href":"https:\/\/apartamentosisa.com\/de\/wp-json\/wp\/v2\/pages"}],"about":[{"href":"https:\/\/apartamentosisa.com\/de\/wp-json\/wp\/v2\/types\/page"}],"author":[{"embeddable":true,"href":"https:\/\/apartamentosisa.com\/de\/wp-json\/wp\/v2\/users\/1"}],"replies":[{"embeddable":true,"href":"https:\/\/apartamentosisa.com\/de\/wp-json\/wp\/v2\/comments?post=1439"}],"version-history":[{"count":1,"href":"https:\/\/apartamentosisa.com\/de\/wp-json\/wp\/v2\/pages\/1439\/revisions"}],"predecessor-version":[{"id":1443,"href":"https:\/\/apartamentosisa.com\/de\/wp-json\/wp\/v2\/pages\/1439\/revisions\/1443"}],"up":[{"embeddable":true,"href":"https:\/\/apartamentosisa.com\/de\/wp-json\/wp\/v2\/pages\/1427"}],"wp:attachment":[{"href":"https:\/\/apartamentosisa.com\/de\/wp-json\/wp\/v2\/media?parent=1439"}],"curies":[{"name":"wp","href":"https:\/\/api.w.org\/{rel}","templated":true}]}}