{"id":1433,"date":"2023-03-10T14:08:08","date_gmt":"2023-03-10T14:08:08","guid":{"rendered":"https:\/\/sepropyme.com\/apartamentosisa\/contacto\/"},"modified":"2023-10-13T09:55:24","modified_gmt":"2023-10-13T09:55:24","slug":"kontakt","status":"publish","type":"page","link":"https:\/\/apartamentosisa.com\/de\/kontakt\/","title":{"rendered":"Kontakt"},"content":{"rendered":"<section class=\"wpb-content-wrapper\"><p>[vc_row][vc_column][vc_single_image image=&#8220;79&#8243; img_size=&#8220;full&#8220;][\/vc_column][\/vc_row][vc_row][vc_column width=&#8220;1\/3&#8243; css=&#8220;.vc_custom_1695203967092{padding: 20px !important;}&#8220;][vc_column_text]<\/p>\n<h2>Apartamentos Isa<\/h2>\n<p>Calle Progreso, 14 38770 Tazacorte<br \/>\nIsla de La Palma, Islas Canarias<br \/>\n922 48 00 52<br \/>\napartamentosisa@hotmail.com<br \/>\nCheck-in-Zeit: 12:00 Uhr bis 15:00 Uhr<br \/>\nAbreisezeit: 08:00 Uhr bis 12:00 Uhr<\/p>\n<p>Registrierungsnummer: 7867<br \/>\n[\/vc_column_text][vc_gmaps link=&#8220;#E-8_JTNDaWZyYW1lJTIwc3JjJTNEJTIyaHR0cHMlM0ElMkYlMkZ3d3cuZ29vZ2xlLmNvbSUyRm1hcHMlMkZlbWJlZCUzRnBiJTNEJTIxMW0xOCUyMTFtMTIlMjExbTMlMjExZDM1MDEuNjQxMTk3OTY3NTgxMyUyMTJkLTE3LjkzNjQ2MDcyNDQ5ODg3MiUyMTNkMjguNjQwNTEzODc1NjYwMzY0JTIxMm0zJTIxMWYwJTIxMmYwJTIxM2YwJTIxM20yJTIxMWkxMDI0JTIxMmk3NjglMjE0ZjEzLjElMjEzbTMlMjExbTIlMjExczB4YzZiZjM5NGViNDBlOWM1JTI1M0EweGM2NmJmYTFhNTVkMjQ5MDUlMjEyc0MuJTI1MjBQcm9ncmVzbyUyNTJDJTI1MjAxNCUyNTJDJTI1MjAzODc3MCUyNTIwVGF6YWNvcnRlJTI1MkMlMjUyMFNhbnRhJTI1MjBDcnV6JTI1MjBkZSUyNTIwVGVuZXJpZmUlMjE1ZTAlMjEzbTIlMjExc2VzJTIxMnNlcyUyMTR2MTY5NTIwMzIzNDM4OSUyMTVtMiUyMTFzZXMlMjEyc2VzJTIyJTIwd2lkdGglM0QlMjI2MDAlMjIlMjBoZWlnaHQlM0QlMjI0NTAlMjIlMjBzdHlsZSUzRCUyMmJvcmRlciUzQTAlM0IlMjIlMjBhbGxvd2Z1bGxzY3JlZW4lM0QlMjIlMjIlMjBsb2FkaW5nJTNEJTIybGF6eSUyMiUyMHJlZmVycmVycG9saWN5JTNEJTIybm8tcmVmZXJyZXItd2hlbi1kb3duZ3JhZGUlMjIlM0UlM0MlMkZpZnJhbWUlM0U=&#8220;][\/vc_column][vc_column width=&#8220;2\/3&#8243; css=&#8220;.vc_custom_1695203975263{padding: 20px !important;}&#8220;][vc_column_text]<\/p>\n<h2>Reservierungsanfrage<\/h2>\n<div class=\"wpcf7 no-js\" id=\"wpcf7-f1516-o1\" lang=\"es-ES\" dir=\"ltr\" data-wpcf7-id=\"1516\">\n<div class=\"screen-reader-response\"><p role=\"status\" aria-live=\"polite\" aria-atomic=\"true\"><\/p> <ul><\/ul><\/div>\n<form action=\"\/de\/wp-json\/wp\/v2\/pages\/1433#wpcf7-f1516-o1\" method=\"post\" class=\"wpcf7-form init\" aria-label=\"Formulario de contacto\" novalidate=\"novalidate\" data-status=\"init\">\n<fieldset class=\"hidden-fields-container\"><input type=\"hidden\" name=\"_wpcf7\" value=\"1516\" \/><input type=\"hidden\" name=\"_wpcf7_version\" value=\"6.1.5\" \/><input type=\"hidden\" name=\"_wpcf7_locale\" value=\"es_ES\" \/><input type=\"hidden\" name=\"_wpcf7_unit_tag\" value=\"wpcf7-f1516-o1\" \/><input type=\"hidden\" name=\"_wpcf7_container_post\" value=\"0\" \/><input type=\"hidden\" name=\"_wpcf7_posted_data_hash\" value=\"\" \/><input type=\"hidden\" name=\"_wpcf7_recaptcha_response\" value=\"\" \/>\n<\/fieldset>\n<div id=\"responsive-form\" class=\"clearfix\">\n\t<div class=\"form-row\">\n\t\t<div class=\"column-half\">\n\t\t\t<p>Name<span class=\"wpcf7-form-control-wrap\" data-name=\"first-name\"><input size=\"40\" maxlength=\"400\" class=\"wpcf7-form-control wpcf7-text wpcf7-validates-as-required\" aria-required=\"true\" aria-invalid=\"false\" value=\"\" type=\"text\" name=\"first-name\" \/><\/span>\n\t\t\t<\/p>\n\t\t<\/div>\n\t\t<div class=\"column-half\">\n\t\t\t<p>Nachnamen<span class=\"wpcf7-form-control-wrap\" data-name=\"last-name\"><input size=\"40\" maxlength=\"400\" class=\"wpcf7-form-control wpcf7-text wpcf7-validates-as-required\" aria-required=\"true\" aria-invalid=\"false\" value=\"\" type=\"text\" name=\"last-name\" \/><\/span>\n\t\t\t<\/p>\n\t\t<\/div>\n\t<\/div>\n\t<div class=\"form-row\">\n\t\t<div class=\"column-half\">\n\t\t\t<p>Email <span class=\"wpcf7-form-control-wrap\" data-name=\"your-email\"><input size=\"40\" maxlength=\"400\" class=\"wpcf7-form-control wpcf7-email wpcf7-validates-as-required wpcf7-text wpcf7-validates-as-email\" aria-required=\"true\" aria-invalid=\"false\" value=\"\" type=\"email\" name=\"your-email\" \/><\/span>\n\t\t\t<\/p>\n\t\t<\/div>\n\t\t<div class=\"column-half\">\n\t\t\t<p>Phone<span class=\"wpcf7-form-control-wrap\" data-name=\"your-phone\"><input size=\"40\" maxlength=\"400\" class=\"wpcf7-form-control wpcf7-text wpcf7-validates-as-required\" aria-required=\"true\" aria-invalid=\"false\" value=\"\" type=\"text\" name=\"your-phone\" \/><\/span>\n\t\t\t<\/p>\n\t\t<\/div>\n\t<\/div>\n\t<div class=\"form-row\">\n\t\t<div class=\"column-half\">\n\t\t\t<p>Beitrittsdatum <span class=\"wpcf7-form-control-wrap\" data-name=\"entrada\"><input size=\"40\" maxlength=\"400\" class=\"wpcf7-form-control wpcf7-text wpcf7-validates-as-required\" aria-required=\"true\" aria-invalid=\"false\" value=\"\" type=\"text\" name=\"entrada\" \/><\/span>\n\t\t\t<\/p>\n\t\t<\/div>\n\t\t<div class=\"column-half\">\n\t\t\t<p>Abreisedatum <span class=\"wpcf7-form-control-wrap\" data-name=\"salida\"><input size=\"40\" maxlength=\"400\" class=\"wpcf7-form-control wpcf7-text wpcf7-validates-as-required\" aria-required=\"true\" aria-invalid=\"false\" value=\"\" type=\"text\" name=\"salida\" \/><\/span>\n\t\t\t<\/p>\n\t\t<\/div>\n\t<\/div>\n\t<div class=\"form-row\">\n\t\t<div class=\"column-half\">\n\t\t\t<p>Anzahl Erwachsene<span class=\"wpcf7-form-control-wrap\" data-name=\"adultos\"><input size=\"40\" maxlength=\"400\" class=\"wpcf7-form-control wpcf7-text wpcf7-validates-as-required\" aria-required=\"true\" aria-invalid=\"false\" value=\"\" type=\"text\" name=\"adultos\" \/><\/span>\n\t\t\t<\/p>\n\t\t<\/div>\n\t\t<div class=\"column-half\">\n\t\t\t<p>Anzahl Kinder unter 12 Jahren <span class=\"wpcf7-form-control-wrap\" data-name=\"menores\"><input size=\"40\" maxlength=\"400\" class=\"wpcf7-form-control wpcf7-text wpcf7-validates-as-required\" aria-required=\"true\" aria-invalid=\"false\" value=\"\" type=\"text\" name=\"menores\" \/><\/span>\n\t\t\t<\/p>\n\t\t<\/div>\n\t<\/div>\n\t<div class=\"form-row\">\n\t\t<div class=\"column-full\">\n\t\t\t<p>Unterkunft, die Sie reservieren m\u00f6chten <span class=\"wpcf7-form-control-wrap\" data-name=\"Alojamientoquedeseareservar\"><select class=\"wpcf7-form-control wpcf7-select wpcf7-validates-as-required\" aria-required=\"true\" aria-invalid=\"false\" name=\"Alojamientoquedeseareservar\"><option value=\"\">&#8212;Por favor, elige una opci\u00f3n&#8212;<\/option><option value=\"Apartamentos Isa I\">Apartamentos Isa I<\/option><option value=\"Apartamentos Isa II\">Apartamentos Isa II<\/option><\/select><\/span>\n\t\t\t<\/p>\n\t\t<\/div>\n\t<\/div>\n\t<div class=\"form-row\">\n\t\t<div class=\"column-full\">\n\t\t\t<p>Beobachtungen <span class=\"wpcf7-form-control-wrap\" data-name=\"your-message\"><textarea cols=\"40\" rows=\"10\" maxlength=\"2000\" class=\"wpcf7-form-control wpcf7-textarea\" aria-invalid=\"false\" name=\"your-message\"><\/textarea><\/span>\n\t\t\t<\/p>\n\t\t<\/div>\n\t<\/div>\n\t<p><span class=\"wpcf7-form-control-wrap\" data-name=\"your-consent\"><span class=\"wpcf7-form-control wpcf7-acceptance\"><span class=\"wpcf7-list-item\"><label><input type=\"checkbox\" name=\"your-consent\" value=\"1\" aria-invalid=\"false\" \/><span class=\"wpcf7-list-item-label\">Ich habe die gelesen und akzeptiere sie <a href=\"\/politica-de-privacidad\">pol\u00edtica de privacidad<\/a>.<\/span><\/label><\/span><\/span><\/span>\n\t<\/p>\n\t<div class=\"form-row\">\n\t\t<div class=\"column-full\">\n\t\t\t<p><input class=\"wpcf7-form-control wpcf7-submit has-spinner\" type=\"submit\" value=\"Senden\" \/>\n\t\t\t<\/p>\n\t\t<\/div>\n\t<\/div>\n<\/div><!--end responsive-form--><div class=\"wpcf7-response-output\" aria-hidden=\"true\"><\/div>\n<\/form>\n<\/div>\n[\/vc_column_text][vc_column_text]<strong>\n<div class=\"argpd-informar\">\n\t<p class=\"argpd-informar-title\">Informaci\u00f3n b\u00e1sica sobre protecci\u00f3n de datos <span class=\"argpd-mas\">Ver m\u00e1s<\/span><\/p>\n\t<ul>\n\t\t<li>\n\t\t\t<b>Responsable:<\/b>&nbsp;APARTAMENTOS ISA (MAPETOMOJOFERI S.L.).\n\t\t<\/li>\n\t\t<li><b>Finalidad:<\/b>&nbsp;\n\t\t\t\n\t\t\t\t Responder las consultas. \n\t\t\t\t\n\t\t<\/li>\n\t\t<li><b>Legitimaci\u00f3n:<\/b>&nbsp;\n\t\t\t\n\t\t\t\tPor consentimiento del interesado.<\/li>\n\n\t\t<li><b>Destinatarios y encargados de tratamiento:<\/b>&nbsp;\n\n\t\t\t\tNo se ceden o comunican datos a terceros para prestar este servicio.\n\t\t<\/li>\n\t\t<li>\n\t\t\t<b>Derechos:<\/b>&nbsp;Acceder, rectificar y suprimir los datos.\n\t\t<\/li>\n\t<\/ul>\n<\/div>\n<\/strong>[\/vc_column_text][\/vc_column][\/vc_row][vc_row][vc_column][vc_column_text]Die Rezeption ist t\u00e4glich von 9:00 Uhr bis 15:00 Uhr ge\u00f6ffnet. An Samstagen und Sonntagen bleibt sie den ganzen Tag geschlossen. Wenn Sie planen, au\u00dferhalb der \u00d6ffnungszeiten der Rezeption anzukommen, kontaktieren Sie uns bitte im Voraus.<\/p>\n<p>Bitte informieren Sie uns \u00fcber Ihre voraussichtliche Ankunftszeit am Flughafen oder Hafen von Santa Cruz. Hierzu k\u00f6nnen Sie unter 922 48 00 52 anrufen oder an apartmentosisa@hotmail.com schreiben.<\/p>\n<p>Zusatzbetten und Kinderbetten sind auf Anfrage erh\u00e4ltlich. Wir m\u00fcssen die Verf\u00fcgbarkeit best\u00e4tigen.<\/p>\n<p>Junggesellenabschiede oder \u00e4hnliche Veranstaltungen d\u00fcrfen in dieser Unterkunft nicht abgehalten werden.[\/vc_column_text][\/vc_column][\/vc_row]<\/p>\n<\/section>","protected":false},"excerpt":{"rendered":"<p>[vc_row][vc_column][vc_single_image image=&#8220;79&#8243; img_size=&#8220;full&#8220;][\/vc_column][\/vc_row][vc_row][vc_column width=&#8220;1\/3&#8243; css=&#8220;.vc_custom_1695203967092{padding: 20px !important;}&#8220;][vc_column_text] Apartamentos Isa Calle Progreso, 14 38770 Tazacorte Isla de La Palma, Islas Canarias 922 48 00 52 apartamentosisa@hotmail.com Check-in-Zeit: 12:00 Uhr bis 15:00 Uhr Abreisezeit: 08:00 Uhr bis 12:00 Uhr Registrierungsnummer: 7867 [\/vc_column_text][vc_gmaps link=&#8220;#E-8_JTNDaWZyYW1lJTIwc3JjJTNEJTIyaHR0cHMlM0ElMkYlMkZ3d3cuZ29vZ2xlLmNvbSUyRm1hcHMlMkZlbWJlZCUzRnBiJTNEJTIxMW0xOCUyMTFtMTIlMjExbTMlMjExZDM1MDEuNjQxMTk3OTY3NTgxMyUyMTJkLTE3LjkzNjQ2MDcyNDQ5ODg3MiUyMTNkMjguNjQwNTEzODc1NjYwMzY0JTIxMm0zJTIxMWYwJTIxMmYwJTIxM2YwJTIxM20yJTIxMWkxMDI0JTIxMmk3NjglMjE0ZjEzLjElMjEzbTMlMjExbTIlMjExczB4YzZiZjM5NGViNDBlOWM1JTI1M0EweGM2NmJmYTFhNTVkMjQ5MDUlMjEyc0MuJTI1MjBQcm9ncmVzbyUyNTJDJTI1MjAxNCUyNTJDJTI1MjAzODc3MCUyNTIwVGF6YWNvcnRlJTI1MkMlMjUyMFNhbnRhJTI1MjBDcnV6JTI1MjBkZSUyNTIwVGVuZXJpZmUlMjE1ZTAlMjEzbTIlMjExc2VzJTIxMnNlcyUyMTR2MTY5NTIwMzIzNDM4OSUyMTVtMiUyMTFzZXMlMjEyc2VzJTIyJTIwd2lkdGglM0QlMjI2MDAlMjIlMjBoZWlnaHQlM0QlMjI0NTAlMjIlMjBzdHlsZSUzRCUyMmJvcmRlciUzQTAlM0IlMjIlMjBhbGxvd2Z1bGxzY3JlZW4lM0QlMjIlMjIlMjBsb2FkaW5nJTNEJTIybGF6eSUyMiUyMHJlZmVycmVycG9saWN5JTNEJTIybm8tcmVmZXJyZXItd2hlbi1kb3duZ3JhZGUlMjIlM0UlM0MlMkZpZnJhbWUlM0U=&#8220;][\/vc_column][vc_column width=&#8220;2\/3&#8243; css=&#8220;.vc_custom_1695203975263{padding: 20px !important;}&#8220;][vc_column_text] Reservierungsanfrage [\/vc_column_text][vc_column_text][\/vc_column_text][\/vc_column][\/vc_row][vc_row][vc_column][vc_column_text]Die Rezeption ist t\u00e4glich von 9:00 Uhr bis 15:00 [&hellip;]<\/p>\n","protected":false},"author":1,"featured_media":0,"parent":0,"menu_order":0,"comment_status":"closed","ping_status":"closed","template":"","meta":{"footnotes":""},"class_list":["post-1433","page","type-page","status-publish","hentry"],"_links":{"self":[{"href":"https:\/\/apartamentosisa.com\/de\/wp-json\/wp\/v2\/pages\/1433","targetHints":{"allow":["GET"]}}],"collection":[{"href":"https:\/\/apartamentosisa.com\/de\/wp-json\/wp\/v2\/pages"}],"about":[{"href":"https:\/\/apartamentosisa.com\/de\/wp-json\/wp\/v2\/types\/page"}],"author":[{"embeddable":true,"href":"https:\/\/apartamentosisa.com\/de\/wp-json\/wp\/v2\/users\/1"}],"replies":[{"embeddable":true,"href":"https:\/\/apartamentosisa.com\/de\/wp-json\/wp\/v2\/comments?post=1433"}],"version-history":[{"count":3,"href":"https:\/\/apartamentosisa.com\/de\/wp-json\/wp\/v2\/pages\/1433\/revisions"}],"predecessor-version":[{"id":1517,"href":"https:\/\/apartamentosisa.com\/de\/wp-json\/wp\/v2\/pages\/1433\/revisions\/1517"}],"wp:attachment":[{"href":"https:\/\/apartamentosisa.com\/de\/wp-json\/wp\/v2\/media?parent=1433"}],"curies":[{"name":"wp","href":"https:\/\/api.w.org\/{rel}","templated":true}]}}