{"id":1427,"date":"2023-03-10T14:08:22","date_gmt":"2023-03-10T14:08:22","guid":{"rendered":"https:\/\/sepropyme.com\/apartamentosisa\/la-palma\/"},"modified":"2023-10-13T08:02:39","modified_gmt":"2023-10-13T08:02:39","slug":"la-palma","status":"publish","type":"page","link":"https:\/\/apartamentosisa.com\/de\/la-palma\/","title":{"rendered":"La Palma"},"content":{"rendered":"<section class=\"wpb-content-wrapper\"><p>[vc_row][vc_column css=&#8220;.vc_custom_1695203945622{padding: 20px !important;}&#8220;][vc_column_text]<\/p>\n<div style=\"text-align: justify;\">\n<p><span style=\"font-weight: 400;\">Wenn Sie planen, die Insel La Palma zu besuchen, sollten Sie in einer unserer Villen oder Apartments an der Westk\u00fcste \u00fcbernachten, die der ideale Ausgangspunkt f\u00fcr die Erkundung des Rests dieser fantastischen Insel ist. La Palma wird auch als &#8222;die sch\u00f6ne Insel&#8220; bezeichnet, es ist nicht schwer zu verstehen warum, die Vielfalt der Landschaften und des Klimas machen diesen Ort zu einem privilegierten Ort. Besucher k\u00f6nnen die n\u00f6rdliche Gegend mit ihren jahrhundertealten Pinienw\u00e4ldern, den Nordosten und seine feuchten Lorbeerw\u00e4lder, die Caldera mit ihren atemberaubenden Gipfeln unber\u00fchrter Natur und Hunderte von gr\u00fcnen Schluchten, die Vulkane und \u00d6dlandschaften im S\u00fcden erkunden. Unsere Villen und Apartments in Tazacorte und Tijarafe sind sehr gut gelegen, egal aus welchem Grund Sie nach La Palma kommen.<\/span><\/p>\n<h1>E<b>rkunden Sie<\/b> La Palma<\/h1>\n<p><span style=\"font-weight: 400;\">Die Insel La Palma, bekannt als &#8222;La Isla Bonita&#8220; auf den Kanarischen Inseln, bietet eine breite Palette von Freizeitaktivit\u00e4ten f\u00fcr Naturliebhaber und Abenteuerlustige. Von atemberaubenden Wanderungen bis zur Unterwassererkundung bietet diese Insel f\u00fcr jeden etwas.<\/span><\/p>\n<p><span style=\"font-weight: 400;\">Wandern ist eine herausragende Aktivit\u00e4t auf La Palma. Mit einem Netzwerk gut ausgeschilderter Wanderwege k\u00f6nnen Naturbegeisterte die atemberaubende Landschaft erkunden, darunter der Nationalpark Caldera de Taburiente, der Wanderwege durch tiefe Schluchten und \u00fcppige W\u00e4lder bietet.<\/span><\/p>\n<p><span style=\"font-weight: 400;\">F\u00fcr diejenigen, die das Meer lieben, ist Tauchen ein unverzichtbares Erlebnis. Die kristallklaren Gew\u00e4sser von La Palma beherbergen vielf\u00e4ltiges und buntes Meeresleben, mit Korallenriffen und Unterwasserh\u00f6hlen, die darauf warten, erkundet zu werden.<\/span><\/p>\n<p><span style=\"font-weight: 400;\">Die Insel ist auch ein Paradies f\u00fcr Astrotourismus-Enthusiasten. Dank der geringen Lichtverschmutzung geh\u00f6rt La Palma zu den besten Orten der Welt, um die Sterne zu beobachten. Das Roque de los Muchachos-Observatorium bietet einzigartige M\u00f6glichkeiten, das Universum zu erforschen.<\/span><\/p>\n<p><span style=\"font-weight: 400;\">F\u00fcr ein irdischeres Erlebnis erm\u00f6glichen Besuche auf Bioh\u00f6fen den Besuchern, die nachhaltige Landwirtschaft der Insel kennenzulernen und frische lokale Produkte zu probieren.<\/span><\/p>\n<p><span style=\"font-weight: 400;\">Wenn Sie das Thrill-Erlebnis auf R\u00e4dern bevorzugen, bringt Sie das Mountainbike auf kurvigen Pfaden durch \u00fcppige W\u00e4lder und Vulkanlandschaften.<\/span><\/p>\n<\/div>\n<p>[\/vc_column_text][vc_empty_space]<div class=\"widget widget-sidebar \"><div class=\"s-title\"><h2>&lt;b&gt;Aktive Freizeit auf La Palma&lt;\/b&gt;<\/h2><\/div><div class=\"deals\"><div class=\"row\"><article data-tour-id=\"1502\" class=\"tour_item one-third \"><div><a href=\"https:\/\/apartamentosisa.com\/de\/actividades\/wandern\/\" title=\"Wandern\"><figure><img loading=\"lazy\" decoding=\"async\" width=\"400\" height=\"300\" src=\"https:\/\/apartamentosisa.com\/wp-content\/uploads\/2023\/09\/PH8336baja-400x300.jpg\" class=\"attachment-thumbnail size-thumbnail wp-post-image\" alt=\"\" title=\"PH8336baja\" \/><\/figure><\/a><div class=\"details hide-actions hide-description hide-rating hide-price hide-address \"><div class='item-header'><h3><a href=\"https:\/\/apartamentosisa.com\/de\/actividades\/wandern\/\" title=\"Wandern\">Wandern<\/a><\/h3><\/div><\/div><!--\/\/details--><a href=\"https:\/\/apartamentosisa.com\/de\/actividades\/wandern\/\" class=\"overlay-link\"><\/a><\/div><\/article><!--\/\/tour_item--><article data-tour-id=\"1506\" class=\"tour_item one-third \"><div><a href=\"https:\/\/apartamentosisa.com\/de\/actividades\/tauchen\/\" title=\"Tauchen\"><figure><img loading=\"lazy\" decoding=\"async\" width=\"400\" height=\"300\" src=\"https:\/\/apartamentosisa.com\/wp-content\/uploads\/2023\/09\/PH1137baja-400x300.jpg\" class=\"attachment-thumbnail size-thumbnail wp-post-image\" alt=\"\" title=\"PH1137baja\" \/><\/figure><\/a><div class=\"details hide-actions hide-description hide-rating hide-price hide-address \"><div class='item-header'><h3><a href=\"https:\/\/apartamentosisa.com\/de\/actividades\/tauchen\/\" title=\"Tauchen\">Tauchen<\/a><\/h3><\/div><\/div><!--\/\/details--><a href=\"https:\/\/apartamentosisa.com\/de\/actividades\/tauchen\/\" class=\"overlay-link\"><\/a><\/div><\/article><!--\/\/tour_item--><article data-tour-id=\"1504\" class=\"tour_item one-third \"><div><a href=\"https:\/\/apartamentosisa.com\/de\/actividades\/ciclismo-de-montana\/\" title=\"Mountainbiken\"><figure><img loading=\"lazy\" decoding=\"async\" width=\"400\" height=\"300\" src=\"https:\/\/apartamentosisa.com\/wp-content\/uploads\/2023\/09\/MTB-400x300.jpg\" class=\"attachment-thumbnail size-thumbnail wp-post-image\" alt=\"\" title=\"MTB\" \/><\/figure><\/a><div class=\"details hide-actions hide-description hide-rating hide-price hide-address \"><div class='item-header'><h3><a href=\"https:\/\/apartamentosisa.com\/de\/actividades\/ciclismo-de-montana\/\" title=\"Mountainbiken\">Mountainbiken<\/a><\/h3><\/div><\/div><!--\/\/details--><a href=\"https:\/\/apartamentosisa.com\/de\/actividades\/ciclismo-de-montana\/\" class=\"overlay-link\"><\/a><\/div><\/article><!--\/\/tour_item--><article data-tour-id=\"1500\" class=\"tour_item one-third \"><div><a href=\"https:\/\/apartamentosisa.com\/de\/actividades\/besuch-auf-biohofen\/\" title=\"Besuch auf Bioh\u00f6fen\"><figure><img loading=\"lazy\" decoding=\"async\" width=\"400\" height=\"300\" src=\"https:\/\/apartamentosisa.com\/wp-content\/uploads\/2023\/09\/ecofinca-400x300.jpg\" class=\"attachment-thumbnail size-thumbnail wp-post-image\" alt=\"\" title=\"ecofinca\" \/><\/figure><\/a><div class=\"details hide-actions hide-description hide-rating hide-price hide-address \"><div class='item-header'><h3><a href=\"https:\/\/apartamentosisa.com\/de\/actividades\/besuch-auf-biohofen\/\" title=\"Besuch auf Bioh\u00f6fen\">Besuch auf Bioh\u00f6fen<\/a><\/h3><\/div><\/div><!--\/\/details--><a href=\"https:\/\/apartamentosisa.com\/de\/actividades\/besuch-auf-biohofen\/\" class=\"overlay-link\"><\/a><\/div><\/article><!--\/\/tour_item--><article data-tour-id=\"1508\" class=\"tour_item one-third \"><div><a href=\"https:\/\/apartamentosisa.com\/de\/actividades\/astrotourismus\/\" title=\"Astrotourismus\"><figure><img loading=\"lazy\" decoding=\"async\" width=\"400\" height=\"300\" src=\"https:\/\/apartamentosisa.com\/wp-content\/uploads\/2023\/09\/PH4860baja-400x300.jpg\" class=\"attachment-thumbnail size-thumbnail wp-post-image\" alt=\"\" title=\"PH4860baja\" \/><\/figure><\/a><div class=\"details hide-actions hide-description hide-rating hide-price hide-address \"><div class='item-header'><h3><a href=\"https:\/\/apartamentosisa.com\/de\/actividades\/astrotourismus\/\" title=\"Astrotourismus\">Astrotourismus<\/a><\/h3><\/div><\/div><!--\/\/details--><a href=\"https:\/\/apartamentosisa.com\/de\/actividades\/astrotourismus\/\" class=\"overlay-link\"><\/a><\/div><\/article><!--\/\/tour_item--><\/div><!--row--><\/div><!--deals--><\/div>[vc_empty_space][\/vc_column][\/vc_row]<\/p>\n<\/section>","protected":false},"excerpt":{"rendered":"<p>[vc_row][vc_column css=&#8220;.vc_custom_1695203945622{padding: 20px !important;}&#8220;][vc_column_text] Wenn Sie planen, die Insel La Palma zu besuchen, sollten Sie in einer unserer Villen oder Apartments an der Westk\u00fcste \u00fcbernachten, die der ideale Ausgangspunkt f\u00fcr die Erkundung des Rests dieser fantastischen Insel ist. La Palma wird auch als &#8222;die sch\u00f6ne Insel&#8220; bezeichnet, es ist nicht schwer zu verstehen warum, die [&hellip;]<\/p>\n","protected":false},"author":1,"featured_media":0,"parent":0,"menu_order":0,"comment_status":"closed","ping_status":"closed","template":"","meta":{"footnotes":""},"class_list":["post-1427","page","type-page","status-publish","hentry"],"_links":{"self":[{"href":"https:\/\/apartamentosisa.com\/de\/wp-json\/wp\/v2\/pages\/1427","targetHints":{"allow":["GET"]}}],"collection":[{"href":"https:\/\/apartamentosisa.com\/de\/wp-json\/wp\/v2\/pages"}],"about":[{"href":"https:\/\/apartamentosisa.com\/de\/wp-json\/wp\/v2\/types\/page"}],"author":[{"embeddable":true,"href":"https:\/\/apartamentosisa.com\/de\/wp-json\/wp\/v2\/users\/1"}],"replies":[{"embeddable":true,"href":"https:\/\/apartamentosisa.com\/de\/wp-json\/wp\/v2\/comments?post=1427"}],"version-history":[{"count":2,"href":"https:\/\/apartamentosisa.com\/de\/wp-json\/wp\/v2\/pages\/1427\/revisions"}],"predecessor-version":[{"id":1430,"href":"https:\/\/apartamentosisa.com\/de\/wp-json\/wp\/v2\/pages\/1427\/revisions\/1430"}],"wp:attachment":[{"href":"https:\/\/apartamentosisa.com\/de\/wp-json\/wp\/v2\/media?parent=1427"}],"curies":[{"name":"wp","href":"https:\/\/api.w.org\/{rel}","templated":true}]}}