{"id":1423,"date":"2023-03-10T14:08:38","date_gmt":"2023-03-10T14:08:38","guid":{"rendered":"https:\/\/sepropyme.com\/apartamentosisa\/nuestros-apartamentos\/"},"modified":"2023-10-13T08:00:00","modified_gmt":"2023-10-13T08:00:00","slug":"unsere-wohnungen","status":"publish","type":"page","link":"https:\/\/apartamentosisa.com\/de\/unsere-wohnungen\/","title":{"rendered":"Unsere Wohnungen"},"content":{"rendered":"<section class=\"wpb-content-wrapper\"><p>[vc_row][vc_column][vc_column_text]<\/p>\n<h4><strong>Die Apartamentos Isa, Ihre Ferienunterkunft in Tazacorte, der Gemeinde mit den l\u00e4ngsten Tageslichtstunden auf La Palma, sind das ideale Ziel f\u00fcr alle, die ein einzigartiges Erlebnis auf den Kanarischen Inseln suchen. Liegt in einer privilegierten Umgebung.<\/strong><\/h4>\n<h4><strong>Tazacorte, bekannt als \u201edas kleine Paradies der Sonne\u201c, ist ber\u00fchmt f\u00fcr sein subtropisches Klima, das mehr als 3.000 Sonnenstunden im Jahr garantiert. Die Isa Apartments erm\u00f6glichen es Ihnen, diese einzigartigen Bedingungen zu genie\u00dfen, was sie zum perfekten Reiseziel zu jeder Jahreszeit macht. Von Ihrer Unterkunft aus k\u00f6nnen Sie atemberaubende Sonnenunterg\u00e4nge \u00fcber dem Atlantik beobachten, an den schwarzen Sandstr\u00e4nden entspannen und das pulsierende Leben vor Ort erkunden.<\/strong><\/h4>\n<h4><strong>Die Isa Apartments verf\u00fcgen \u00fcber alle Annehmlichkeiten, die Sie f\u00fcr einen unschlagbaren Aufenthalt ben\u00f6tigen, von ger\u00e4umigen Zimmern bis hin zu voll ausgestatteten K\u00fcchen und Balkonen mit Panoramablick. Dar\u00fcber hinaus erm\u00f6glicht die strategische Lage einen einfachen Zugang zu lokalen Restaurants, Gesch\u00e4ften und Touristenattraktionen.<\/strong><\/h4>\n<h4><strong>Entdecken Sie den Zauber von Tazacorte und machen Sie das Beste aus Ihrem Urlaub in den Apartamentos Isa, wo Sie Sonnenschein und kanarische Gastfreundschaft erwarten.<\/strong><\/h4>\n<p>[\/vc_column_text][vc_empty_space]<div class=\"widget widget-sidebar \"><div class=\"s-title\"><h2><\/h2><\/div><div style='display:none' class='query'>SELECT SQL_CALC_FOUND_ROWS  wp_posts.*, 1 rooms_available, 0 rooms_booked , IFNULL((SELECT price_meta2.meta_value + 0 FROM wp_postmeta price_meta2  WHERE price_meta2.post_id=wpml_translations_default.element_id  AND price_meta2.meta_key='_accommodation_min_price:2026-04-17:2028-04-17' LIMIT 1), 0) accommodation_price , IFNULL((SELECT price_meta3.meta_value + 0 FROM wp_postmeta price_meta3  WHERE price_meta3.post_id=wpml_translations_default.element_id  AND price_meta3.meta_key='accommodation_static_from_price' LIMIT 1), 0) accommodation_static_price \n\t\t\t\t\t FROM wp_posts  JOIN wp_icl_translations wpml_translations\n\t\t\t\t\t\t\tON wp_posts.ID = wpml_translations.element_id\n\t\t\t\t\t\t\t\tAND wpml_translations.element_type = CONCAT('post_', wp_posts.post_type)  LEFT JOIN wp_icl_translations wpml_translations_default ON wpml_translations_default.trid = wpml_translations.trid AND (wpml_translations_default.source_language_code IS NULL OR wpml_translations.source_language_code IS NULL) \n\t\t\t\t\t WHERE 1=1  AND wp_posts.post_type = 'accommodation' AND ((wp_posts.post_status = 'publish')) AND ( ( ( wpml_translations.language_code = 'de' OR 0 ) AND wp_posts.post_type  IN ('post','page','attachment','wp_block','wp_template','wp_template_part','wp_navigation','location','accommodation','tour' )  ) OR wp_posts.post_type  NOT  IN ('post','page','attachment','wp_block','wp_template','wp_template_part','wp_navigation','location','accommodation','tour' )  )\n\t\t\t\t\t GROUP BY  wp_posts.ID  HAVING 1=1 \n\t\t\t\t\t ORDER BY wp_posts.post_title ASC\n\t\t\t\t\t LIMIT 0, 4<\/div><div class=\"deals\"><div class=\"row\"><article data-accommodation-id=\"1483\" class=\"accommodation_item one-fourth \"><div><a href=\"https:\/\/apartamentosisa.com\/de\/alojamiento\/apartments-isa-ii-mit-balkon\/\" title=\"Apartments Isa II mit Balkon\"><figure><img loading=\"lazy\" decoding=\"async\" width=\"400\" height=\"300\" src=\"https:\/\/apartamentosisa.com\/wp-content\/uploads\/2023\/09\/apartamentos-isa-balcon-400x300.jpg\" class=\"attachment-thumbnail size-thumbnail wp-post-image\" alt=\"\" title=\"apartamentos-isa-balcon\" \/><\/figure><\/a><div class=\"details hide-actions hide-stars hide-rating hide-price \"><div class='item-header'><h3><a href=\"https:\/\/apartamentosisa.com\/de\/alojamiento\/apartments-isa-ii-mit-balkon\/\" title=\"Apartments Isa II mit Balkon\">Apartments Isa II mit Balkon<\/a><\/h3>\t\t<span class=\"address\">\n\t\t\tTazacorte\t\t<\/span>\n\t\t<\/div><div class='description'><p>Ab: <strong>58\u20ac\/Nacht<\/strong><\/p>\n<\/div><\/div><!--\/\/details--><a href=\"https:\/\/apartamentosisa.com\/de\/alojamiento\/apartments-isa-ii-mit-balkon\/\" class=\"overlay-link\"><\/a><\/div><\/article><!--\/\/accommodation_item--><article data-accommodation-id=\"1487\" class=\"accommodation_item one-fourth \"><div><a href=\"https:\/\/apartamentosisa.com\/de\/alojamiento\/casa-el-time\/\" title=\"Casa El Time\"><figure><img loading=\"lazy\" decoding=\"async\" width=\"400\" height=\"300\" src=\"https:\/\/apartamentosisa.com\/wp-content\/uploads\/2023\/09\/casaeltime-400x300.jpg\" class=\"attachment-thumbnail size-thumbnail wp-post-image\" alt=\"\" title=\"casaeltime\" \/><\/figure><\/a><div class=\"details hide-actions hide-stars hide-rating hide-price \"><div class='item-header'><h3><a href=\"https:\/\/apartamentosisa.com\/de\/alojamiento\/casa-el-time\/\" title=\"Casa El Time\">Casa El Time<\/a><\/h3>\t\t<span class=\"address\">\n\t\t\tTijarafe\t\t<\/span>\n\t\t<\/div><div class='description'><p>Desde: <strong>77\u20ac\/noche<\/strong><\/p>\n<\/div><\/div><!--\/\/details--><a href=\"https:\/\/apartamentosisa.com\/de\/alojamiento\/casa-el-time\/\" class=\"overlay-link\"><\/a><\/div><\/article><!--\/\/accommodation_item--><article data-accommodation-id=\"1491\" class=\"accommodation_item one-fourth \"><div><a href=\"https:\/\/apartamentosisa.com\/de\/alojamiento\/casa-los-mangos\/\" title=\"Casa Los Mangos\"><figure><img loading=\"lazy\" decoding=\"async\" width=\"400\" height=\"300\" src=\"https:\/\/apartamentosisa.com\/wp-content\/uploads\/2023\/09\/casalosmangos-400x300.jpg\" class=\"attachment-thumbnail size-thumbnail wp-post-image\" alt=\"\" title=\"casalosmangos\" \/><\/figure><\/a><div class=\"details hide-actions hide-stars hide-rating hide-price \"><div class='item-header'><h3><a href=\"https:\/\/apartamentosisa.com\/de\/alojamiento\/casa-los-mangos\/\" title=\"Casa Los Mangos\">Casa Los Mangos<\/a><\/h3>\t\t<span class=\"address\">\n\t\t\tTijarafe\t\t<\/span>\n\t\t<\/div><div class='description'><p>Ab: <strong>107\u20ac\/Nacht<\/strong><\/p>\n<\/div><\/div><!--\/\/details--><a href=\"https:\/\/apartamentosisa.com\/de\/alojamiento\/casa-los-mangos\/\" class=\"overlay-link\"><\/a><\/div><\/article><!--\/\/accommodation_item--><article data-accommodation-id=\"1498\" class=\"accommodation_item one-fourth \"><div><a href=\"https:\/\/apartamentosisa.com\/de\/alojamiento\/wohnungen-isa-i-ohne-balkon\/\" title=\"Wohnungen Isa I ohne Balkon\"><figure><img loading=\"lazy\" decoding=\"async\" width=\"400\" height=\"300\" src=\"https:\/\/apartamentosisa.com\/wp-content\/uploads\/2023\/09\/apartamentos-isa-sinbalcon-400x300.jpg\" class=\"attachment-thumbnail size-thumbnail wp-post-image\" alt=\"\" title=\"apartamentos-isa-sinbalcon\" \/><\/figure><\/a><div class=\"details hide-actions hide-stars hide-rating hide-price \"><div class='item-header'><h3><a href=\"https:\/\/apartamentosisa.com\/de\/alojamiento\/wohnungen-isa-i-ohne-balkon\/\" title=\"Wohnungen Isa I ohne Balkon\">Wohnungen Isa I ohne Balkon<\/a><\/h3>\t\t<span class=\"address\">\n\t\t\tTazacorte\t\t<\/span>\n\t\t<\/div><div class='description'><p>Ab: <strong>51\u20ac\/Nacht<\/strong><\/p>\n<\/div><\/div><!--\/\/details--><a href=\"https:\/\/apartamentosisa.com\/de\/alojamiento\/wohnungen-isa-i-ohne-balkon\/\" class=\"overlay-link\"><\/a><\/div><\/article><!--\/\/accommodation_item--><\/div><!--row--><\/div><!--deals--><\/div>[vc_empty_space][\/vc_column][\/vc_row]<\/p>\n<\/section>","protected":false},"excerpt":{"rendered":"<p>[vc_row][vc_column][vc_column_text] Die Apartamentos Isa, Ihre Ferienunterkunft in Tazacorte, der Gemeinde mit den l\u00e4ngsten Tageslichtstunden auf La Palma, sind das ideale Ziel f\u00fcr alle, die ein einzigartiges Erlebnis auf den Kanarischen Inseln suchen. Liegt in einer privilegierten Umgebung. Tazacorte, bekannt als \u201edas kleine Paradies der Sonne\u201c, ist ber\u00fchmt f\u00fcr sein subtropisches Klima, das mehr als 3.000 [&hellip;]<\/p>\n","protected":false},"author":1,"featured_media":0,"parent":0,"menu_order":0,"comment_status":"closed","ping_status":"closed","template":"","meta":{"footnotes":""},"class_list":["post-1423","page","type-page","status-publish","hentry"],"_links":{"self":[{"href":"https:\/\/apartamentosisa.com\/de\/wp-json\/wp\/v2\/pages\/1423","targetHints":{"allow":["GET"]}}],"collection":[{"href":"https:\/\/apartamentosisa.com\/de\/wp-json\/wp\/v2\/pages"}],"about":[{"href":"https:\/\/apartamentosisa.com\/de\/wp-json\/wp\/v2\/types\/page"}],"author":[{"embeddable":true,"href":"https:\/\/apartamentosisa.com\/de\/wp-json\/wp\/v2\/users\/1"}],"replies":[{"embeddable":true,"href":"https:\/\/apartamentosisa.com\/de\/wp-json\/wp\/v2\/comments?post=1423"}],"version-history":[{"count":1,"href":"https:\/\/apartamentosisa.com\/de\/wp-json\/wp\/v2\/pages\/1423\/revisions"}],"predecessor-version":[{"id":1425,"href":"https:\/\/apartamentosisa.com\/de\/wp-json\/wp\/v2\/pages\/1423\/revisions\/1425"}],"wp:attachment":[{"href":"https:\/\/apartamentosisa.com\/de\/wp-json\/wp\/v2\/media?parent=1423"}],"curies":[{"name":"wp","href":"https:\/\/api.w.org\/{rel}","templated":true}]}}