{"id":1253,"date":"2018-04-21T11:40:05","date_gmt":"2018-04-21T11:40:05","guid":{"rendered":"https:\/\/sepropyme.com\/apartamentosisa\/home-vacation-rentals\/"},"modified":"2023-10-13T07:57:43","modified_gmt":"2023-10-13T07:57:43","slug":"home-vacation-rentals","status":"publish","type":"page","link":"https:\/\/apartamentosisa.com\/de\/","title":{"rendered":"Start"},"content":{"rendered":"<section class=\"wpb-content-wrapper\"><p>[vc_row full_width=&#8220;stretch_row&#8220; css=&#8220;.vc_custom_1695202810605{padding-top: 70px !important;padding-bottom: 60px !important;background-color: #026201 !important;}&#8220;][vc_column css=&#8220;.vc_custom_1540824631778{padding-top: 0px !important;padding-bottom: 0px !important;}&#8220;][vc_custom_heading text=&#8220;Auf La Palma warten 26 Apartments im Zentrum von Tazacorte und 2 unabh\u00e4ngige Bauernh\u00e4user in Tijarafe auf Sie&#8220; font_container=&#8220;tag:h2|font_size:28px|text_align:center|color:%23ffffff|line_height:1.4&#8243; use_theme_fonts=&#8220;yes&#8220;][\/vc_column][\/vc_row][vc_row css=&#8220;.vc_custom_1695214214971{padding-top: 70px !important;padding-bottom: 0px !important;}&#8220;][vc_column css=&#8220;.vc_custom_1540825504244{padding-top: 0px !important;padding-bottom: 0px !important;}&#8220;][vc_custom_heading text=&#8220;Apartments Isa, Ihre Unterkunft auf der Insel La Palma&#8220; font_container=&#8220;tag:h2|font_size:30px|text_align:left&#8220; use_theme_fonts=&#8220;yes&#8220; css=&#8220;.vc_custom_1697183797950{padding-bottom: 50px !important;}&#8220;][vc_column_text css=&#8220;.vc_custom_1697183810432{padding-top: 20px !important;padding-right: 20px !important;padding-bottom: 20px !important;padding-left: 20px !important;}&#8220;]<\/p>\n<h4><strong>Die Apartamentos Isa, Ihre Ferienunterkunft in Tazacorte, der Gemeinde mit den l\u00e4ngsten Tageslichtstunden auf La Palma, sind das ideale Ziel f\u00fcr alle, die ein einzigartiges Erlebnis auf den Kanarischen Inseln suchen. Liegt in einer privilegierten Umgebung.<\/strong><\/h4>\n<h4><strong>Tazacorte, bekannt als \u201edas kleine Paradies der Sonne\u201c, ist ber\u00fchmt f\u00fcr sein subtropisches Klima, das mehr als 3.000 Sonnenstunden im Jahr garantiert. Die Isa Apartments erm\u00f6glichen es Ihnen, diese einzigartigen Bedingungen zu genie\u00dfen, was sie zum perfekten Reiseziel zu jeder Jahreszeit macht. Von Ihrer Unterkunft aus k\u00f6nnen Sie atemberaubende Sonnenunterg\u00e4nge \u00fcber dem Atlantik beobachten, an den schwarzen Sandstr\u00e4nden entspannen und das pulsierende Leben vor Ort erkunden.<\/strong><\/h4>\n<h4><strong>Die Isa Apartments verf\u00fcgen \u00fcber alle Annehmlichkeiten, die Sie f\u00fcr einen unschlagbaren Aufenthalt ben\u00f6tigen, von ger\u00e4umigen Zimmern bis hin zu voll ausgestatteten K\u00fcchen und Balkonen mit Panoramablick. Dar\u00fcber hinaus erm\u00f6glicht die strategische Lage einen einfachen Zugang zu lokalen Restaurants, Gesch\u00e4ften und Touristenattraktionen.<\/strong><\/h4>\n<h4><strong>Entdecken Sie den Zauber von Tazacorte und machen Sie das Beste aus Ihrem Urlaub in den Apartamentos Isa, wo Sie Sonnenschein und kanarische Gastfreundschaft erwarten.<\/strong><\/h4>\n<p>[\/vc_column_text][vc_empty_space]<div class=\"widget widget-sidebar  vc_custom_1697183670649\"><div class=\"s-title\"><h2><\/h2><\/div><div style='display:none' class='query'>SELECT SQL_CALC_FOUND_ROWS  wp_posts.*, 1 rooms_available, 0 rooms_booked , IFNULL((SELECT price_meta2.meta_value + 0 FROM wp_postmeta price_meta2  WHERE price_meta2.post_id=wpml_translations_default.element_id  AND price_meta2.meta_key='_accommodation_min_price:2026-04-17:2028-04-17' LIMIT 1), 0) accommodation_price , IFNULL((SELECT price_meta3.meta_value + 0 FROM wp_postmeta price_meta3  WHERE price_meta3.post_id=wpml_translations_default.element_id  AND price_meta3.meta_key='accommodation_static_from_price' LIMIT 1), 0) accommodation_static_price \n\t\t\t\t\t FROM wp_posts  JOIN wp_icl_translations wpml_translations\n\t\t\t\t\t\t\tON wp_posts.ID = wpml_translations.element_id\n\t\t\t\t\t\t\t\tAND wpml_translations.element_type = CONCAT('post_', wp_posts.post_type)  LEFT JOIN wp_icl_translations wpml_translations_default ON wpml_translations_default.trid = wpml_translations.trid AND (wpml_translations_default.source_language_code IS NULL OR wpml_translations.source_language_code IS NULL) \n\t\t\t\t\t WHERE 1=1  AND wp_posts.post_type = 'accommodation' AND ((wp_posts.post_status = 'publish')) AND ( ( ( wpml_translations.language_code = 'de' OR 0 ) AND wp_posts.post_type  IN ('post','page','attachment','wp_block','wp_template','wp_template_part','wp_navigation','location','accommodation','tour' )  ) OR wp_posts.post_type  NOT  IN ('post','page','attachment','wp_block','wp_template','wp_template_part','wp_navigation','location','accommodation','tour' )  )\n\t\t\t\t\t GROUP BY  wp_posts.ID  HAVING 1=1 \n\t\t\t\t\t ORDER BY wp_posts.post_title ASC\n\t\t\t\t\t LIMIT 0, 4<\/div><div class=\"deals\"><div class=\"row\"><article data-accommodation-id=\"1483\" class=\"accommodation_item one-fourth \"><div><a href=\"https:\/\/apartamentosisa.com\/de\/alojamiento\/apartments-isa-ii-mit-balkon\/\" title=\"Apartments Isa II mit Balkon\"><figure><img loading=\"lazy\" decoding=\"async\" width=\"400\" height=\"300\" src=\"https:\/\/apartamentosisa.com\/wp-content\/uploads\/2023\/09\/apartamentos-isa-balcon-400x300.jpg\" class=\"attachment-thumbnail size-thumbnail wp-post-image\" alt=\"\" title=\"apartamentos-isa-balcon\" \/><\/figure><\/a><div class=\"details hide-actions hide-stars hide-rating hide-price \"><div class='item-header'><h3><a href=\"https:\/\/apartamentosisa.com\/de\/alojamiento\/apartments-isa-ii-mit-balkon\/\" title=\"Apartments Isa II mit Balkon\">Apartments Isa II mit Balkon<\/a><\/h3>\t\t<span class=\"address\">\n\t\t\tTazacorte\t\t<\/span>\n\t\t<\/div><div class='description'><p>Ab: <strong>58\u20ac\/Nacht<\/strong><\/p>\n<\/div><\/div><!--\/\/details--><a href=\"https:\/\/apartamentosisa.com\/de\/alojamiento\/apartments-isa-ii-mit-balkon\/\" class=\"overlay-link\"><\/a><\/div><\/article><!--\/\/accommodation_item--><article data-accommodation-id=\"1487\" class=\"accommodation_item one-fourth \"><div><a href=\"https:\/\/apartamentosisa.com\/de\/alojamiento\/casa-el-time\/\" title=\"Casa El Time\"><figure><img loading=\"lazy\" decoding=\"async\" width=\"400\" height=\"300\" src=\"https:\/\/apartamentosisa.com\/wp-content\/uploads\/2023\/09\/casaeltime-400x300.jpg\" class=\"attachment-thumbnail size-thumbnail wp-post-image\" alt=\"\" title=\"casaeltime\" \/><\/figure><\/a><div class=\"details hide-actions hide-stars hide-rating hide-price \"><div class='item-header'><h3><a href=\"https:\/\/apartamentosisa.com\/de\/alojamiento\/casa-el-time\/\" title=\"Casa El Time\">Casa El Time<\/a><\/h3>\t\t<span class=\"address\">\n\t\t\tTijarafe\t\t<\/span>\n\t\t<\/div><div class='description'><p>Desde: <strong>77\u20ac\/noche<\/strong><\/p>\n<\/div><\/div><!--\/\/details--><a href=\"https:\/\/apartamentosisa.com\/de\/alojamiento\/casa-el-time\/\" class=\"overlay-link\"><\/a><\/div><\/article><!--\/\/accommodation_item--><article data-accommodation-id=\"1491\" class=\"accommodation_item one-fourth \"><div><a href=\"https:\/\/apartamentosisa.com\/de\/alojamiento\/casa-los-mangos\/\" title=\"Casa Los Mangos\"><figure><img loading=\"lazy\" decoding=\"async\" width=\"400\" height=\"300\" src=\"https:\/\/apartamentosisa.com\/wp-content\/uploads\/2023\/09\/casalosmangos-400x300.jpg\" class=\"attachment-thumbnail size-thumbnail wp-post-image\" alt=\"\" title=\"casalosmangos\" \/><\/figure><\/a><div class=\"details hide-actions hide-stars hide-rating hide-price \"><div class='item-header'><h3><a href=\"https:\/\/apartamentosisa.com\/de\/alojamiento\/casa-los-mangos\/\" title=\"Casa Los Mangos\">Casa Los Mangos<\/a><\/h3>\t\t<span class=\"address\">\n\t\t\tTijarafe\t\t<\/span>\n\t\t<\/div><div class='description'><p>Ab: <strong>107\u20ac\/Nacht<\/strong><\/p>\n<\/div><\/div><!--\/\/details--><a href=\"https:\/\/apartamentosisa.com\/de\/alojamiento\/casa-los-mangos\/\" class=\"overlay-link\"><\/a><\/div><\/article><!--\/\/accommodation_item--><article data-accommodation-id=\"1498\" class=\"accommodation_item one-fourth \"><div><a href=\"https:\/\/apartamentosisa.com\/de\/alojamiento\/wohnungen-isa-i-ohne-balkon\/\" title=\"Wohnungen Isa I ohne Balkon\"><figure><img loading=\"lazy\" decoding=\"async\" width=\"400\" height=\"300\" src=\"https:\/\/apartamentosisa.com\/wp-content\/uploads\/2023\/09\/apartamentos-isa-sinbalcon-400x300.jpg\" class=\"attachment-thumbnail size-thumbnail wp-post-image\" alt=\"\" title=\"apartamentos-isa-sinbalcon\" \/><\/figure><\/a><div class=\"details hide-actions hide-stars hide-rating hide-price \"><div class='item-header'><h3><a href=\"https:\/\/apartamentosisa.com\/de\/alojamiento\/wohnungen-isa-i-ohne-balkon\/\" title=\"Wohnungen Isa I ohne Balkon\">Wohnungen Isa I ohne Balkon<\/a><\/h3>\t\t<span class=\"address\">\n\t\t\tTazacorte\t\t<\/span>\n\t\t<\/div><div class='description'><p>Ab: <strong>51\u20ac\/Nacht<\/strong><\/p>\n<\/div><\/div><!--\/\/details--><a href=\"https:\/\/apartamentosisa.com\/de\/alojamiento\/wohnungen-isa-i-ohne-balkon\/\" class=\"overlay-link\"><\/a><\/div><\/article><!--\/\/accommodation_item--><\/div><!--row--><\/div><!--deals--><\/div>[\/vc_column][\/vc_row][vc_row full_width=&#8220;stretch_row&#8220; css=&#8220;.vc_custom_1543419490906{padding-top: 70px !important;padding-bottom: 70px !important;background-color: #673ab7 !important;}&#8220;][vc_column css=&#8220;.vc_custom_1540824631778{padding-top: 0px !important;padding-bottom: 0px !important;}&#8220;][vc_custom_heading text=&#8220;Reservieren Sie in den Apartamentos Isa, Ihrem Urlaubsdomizil&#8220; font_container=&#8220;tag:h2|font_size:28px|text_align:center|color:%23ffffff|line_height:1.4&#8243; use_theme_fonts=&#8220;yes&#8220;][vc_btn title=&#8220; RESERVIEREN&#8220; style=&#8220;flat&#8220; color=&#8220;black&#8220; align=&#8220;center&#8220; css=&#8220;.vc_custom_1697183839906{margin-bottom: 0px !important;padding-top: 15px !important;}&#8220; link=&#8220;url:https%3A%2F%2Fsepropyme.com%2Fapartamentosisa%2F%3Fpage_id%3D25|title:Contacto&#8220;][\/vc_column][\/vc_row][vc_row css=&#8220;.vc_custom_1695214192215{padding-top: 70px !important;padding-bottom: 70px !important;}&#8220;][vc_column css=&#8220;.vc_custom_1540825504244{padding-top: 0px !important;padding-bottom: 0px !important;}&#8220;][vc_custom_heading text=&#8220;Was man auf La Palma unternehmen kann&#8220; font_container=&#8220;tag:h2|font_size:30px|text_align:left&#8220; use_theme_fonts=&#8220;yes&#8220; css=&#8220;.vc_custom_1697183848618{padding-bottom: 10px !important;}&#8220;][vc_column_text css=&#8220;.vc_custom_1697183855897{padding-top: 20px !important;padding-right: 20px !important;padding-bottom: 20px !important;padding-left: 20px !important;}&#8220;]<span style=\"font-weight: 400;\">La Palma ist ein Naturparadies mit einer Vielzahl an Freizeitaktivit\u00e4ten, die Natur- und Abenteuerliebhaber zufriedenstellen. Ob Sie Wanderwege erkunden, in kristallklarem Wasser tauchen, Sterne beobachten, lokale Produkte probieren oder durch atemberaubende Landschaften radeln, diese Insel hat f\u00fcr jeden etwas zu bieten.<\/span>[\/vc_column_text]<div class=\"widget widget-sidebar  vc_custom_1695214287168\"><div class=\"s-title\"><h2><\/h2><\/div><div class=\"deals\"><div class=\"row\"><article data-tour-id=\"1502\" class=\"tour_item one-fifth \"><div><a href=\"https:\/\/apartamentosisa.com\/de\/actividades\/wandern\/\" title=\"Wandern\"><figure><img loading=\"lazy\" decoding=\"async\" width=\"400\" height=\"300\" src=\"https:\/\/apartamentosisa.com\/wp-content\/uploads\/2023\/09\/PH8336baja-400x300.jpg\" class=\"attachment-thumbnail size-thumbnail wp-post-image\" alt=\"\" title=\"PH8336baja\" \/><\/figure><\/a><div class=\"details hide-actions hide-description hide-rating hide-address \"><div class='item-header'><h3><a href=\"https:\/\/apartamentosisa.com\/de\/actividades\/wandern\/\" title=\"Wandern\">Wandern<\/a><\/h3><\/div>\t\t<div class=\"item_price\" style=\"display:none\">\n\t\t\tFrom\t\t\t\t\t\t<span class=\"price\">\n\t\t\t\t<em>\n\t\t\t\t\t\t\t\t<span class=\"curr\"><\/span>\n\t\t\t\t<span class=\"amount\"><\/span>\n\t\t\t\t\t\t\t\t<\/em>\n\t\t\t<\/span>\n\t\t\t\t<\/div>\n\t\t<\/div><!--\/\/details--><a href=\"https:\/\/apartamentosisa.com\/de\/actividades\/wandern\/\" class=\"overlay-link\"><\/a><\/div><\/article><!--\/\/tour_item--><article data-tour-id=\"1506\" class=\"tour_item one-fifth \"><div><a href=\"https:\/\/apartamentosisa.com\/de\/actividades\/tauchen\/\" title=\"Tauchen\"><figure><img loading=\"lazy\" decoding=\"async\" width=\"400\" height=\"300\" src=\"https:\/\/apartamentosisa.com\/wp-content\/uploads\/2023\/09\/PH1137baja-400x300.jpg\" class=\"attachment-thumbnail size-thumbnail wp-post-image\" alt=\"\" title=\"PH1137baja\" \/><\/figure><\/a><div class=\"details hide-actions hide-description hide-rating hide-address \"><div class='item-header'><h3><a href=\"https:\/\/apartamentosisa.com\/de\/actividades\/tauchen\/\" title=\"Tauchen\">Tauchen<\/a><\/h3><\/div>\t\t<div class=\"item_price\" style=\"display:none\">\n\t\t\tFrom\t\t\t\t\t\t<span class=\"price\">\n\t\t\t\t<em>\n\t\t\t\t\t\t\t\t<span class=\"curr\"><\/span>\n\t\t\t\t<span class=\"amount\"><\/span>\n\t\t\t\t\t\t\t\t<\/em>\n\t\t\t<\/span>\n\t\t\t\t<\/div>\n\t\t<\/div><!--\/\/details--><a href=\"https:\/\/apartamentosisa.com\/de\/actividades\/tauchen\/\" class=\"overlay-link\"><\/a><\/div><\/article><!--\/\/tour_item--><article data-tour-id=\"1504\" class=\"tour_item one-fifth \"><div><a href=\"https:\/\/apartamentosisa.com\/de\/actividades\/ciclismo-de-montana\/\" title=\"Mountainbiken\"><figure><img loading=\"lazy\" decoding=\"async\" width=\"400\" height=\"300\" src=\"https:\/\/apartamentosisa.com\/wp-content\/uploads\/2023\/09\/MTB-400x300.jpg\" class=\"attachment-thumbnail size-thumbnail wp-post-image\" alt=\"\" title=\"MTB\" \/><\/figure><\/a><div class=\"details hide-actions hide-description hide-rating hide-address \"><div class='item-header'><h3><a href=\"https:\/\/apartamentosisa.com\/de\/actividades\/ciclismo-de-montana\/\" title=\"Mountainbiken\">Mountainbiken<\/a><\/h3><\/div>\t\t<div class=\"item_price\" style=\"display:none\">\n\t\t\tFrom\t\t\t\t\t\t<span class=\"price\">\n\t\t\t\t<em>\n\t\t\t\t\t\t\t\t<span class=\"curr\"><\/span>\n\t\t\t\t<span class=\"amount\"><\/span>\n\t\t\t\t\t\t\t\t<\/em>\n\t\t\t<\/span>\n\t\t\t\t<\/div>\n\t\t<\/div><!--\/\/details--><a href=\"https:\/\/apartamentosisa.com\/de\/actividades\/ciclismo-de-montana\/\" class=\"overlay-link\"><\/a><\/div><\/article><!--\/\/tour_item--><article data-tour-id=\"1500\" class=\"tour_item one-fifth \"><div><a href=\"https:\/\/apartamentosisa.com\/de\/actividades\/besuch-auf-biohofen\/\" title=\"Besuch auf Bioh\u00f6fen\"><figure><img loading=\"lazy\" decoding=\"async\" width=\"400\" height=\"300\" src=\"https:\/\/apartamentosisa.com\/wp-content\/uploads\/2023\/09\/ecofinca-400x300.jpg\" class=\"attachment-thumbnail size-thumbnail wp-post-image\" alt=\"\" title=\"ecofinca\" \/><\/figure><\/a><div class=\"details hide-actions hide-description hide-rating hide-address \"><div class='item-header'><h3><a href=\"https:\/\/apartamentosisa.com\/de\/actividades\/besuch-auf-biohofen\/\" title=\"Besuch auf Bioh\u00f6fen\">Besuch auf Bioh\u00f6fen<\/a><\/h3><\/div>\t\t<div class=\"item_price\" style=\"display:none\">\n\t\t\tFrom\t\t\t\t\t\t<span class=\"price\">\n\t\t\t\t<em>\n\t\t\t\t\t\t\t\t<span class=\"curr\"><\/span>\n\t\t\t\t<span class=\"amount\"><\/span>\n\t\t\t\t\t\t\t\t<\/em>\n\t\t\t<\/span>\n\t\t\t\t<\/div>\n\t\t<\/div><!--\/\/details--><a href=\"https:\/\/apartamentosisa.com\/de\/actividades\/besuch-auf-biohofen\/\" class=\"overlay-link\"><\/a><\/div><\/article><!--\/\/tour_item--><article data-tour-id=\"1508\" class=\"tour_item one-fifth \"><div><a href=\"https:\/\/apartamentosisa.com\/de\/actividades\/astrotourismus\/\" title=\"Astrotourismus\"><figure><img loading=\"lazy\" decoding=\"async\" width=\"400\" height=\"300\" src=\"https:\/\/apartamentosisa.com\/wp-content\/uploads\/2023\/09\/PH4860baja-400x300.jpg\" class=\"attachment-thumbnail size-thumbnail wp-post-image\" alt=\"\" title=\"PH4860baja\" \/><\/figure><\/a><div class=\"details hide-actions hide-description hide-rating hide-address \"><div class='item-header'><h3><a href=\"https:\/\/apartamentosisa.com\/de\/actividades\/astrotourismus\/\" title=\"Astrotourismus\">Astrotourismus<\/a><\/h3><\/div>\t\t<div class=\"item_price\" style=\"display:none\">\n\t\t\tFrom\t\t\t\t\t\t<span class=\"price\">\n\t\t\t\t<em>\n\t\t\t\t\t\t\t\t<span class=\"curr\"><\/span>\n\t\t\t\t<span class=\"amount\"><\/span>\n\t\t\t\t\t\t\t\t<\/em>\n\t\t\t<\/span>\n\t\t\t\t<\/div>\n\t\t<\/div><!--\/\/details--><a href=\"https:\/\/apartamentosisa.com\/de\/actividades\/astrotourismus\/\" class=\"overlay-link\"><\/a><\/div><\/article><!--\/\/tour_item--><\/div><!--row--><\/div><!--deals--><\/div>[\/vc_column][\/vc_row]<\/p>\n<\/section>","protected":false},"excerpt":{"rendered":"<p>[vc_row full_width=&#8220;stretch_row&#8220; css=&#8220;.vc_custom_1695202810605{padding-top: 70px !important;padding-bottom: 60px !important;background-color: #026201 !important;}&#8220;][vc_column css=&#8220;.vc_custom_1540824631778{padding-top: 0px !important;padding-bottom: 0px !important;}&#8220;][vc_custom_heading text=&#8220;Auf La Palma warten 26 Apartments im Zentrum von Tazacorte und 2 unabh\u00e4ngige Bauernh\u00e4user in Tijarafe auf Sie&#8220; font_container=&#8220;tag:h2|font_size:28px|text_align:center|color:%23ffffff|line_height:1.4&#8243; use_theme_fonts=&#8220;yes&#8220;][\/vc_column][\/vc_row][vc_row css=&#8220;.vc_custom_1695214214971{padding-top: 70px !important;padding-bottom: 0px !important;}&#8220;][vc_column css=&#8220;.vc_custom_1540825504244{padding-top: 0px !important;padding-bottom: 0px !important;}&#8220;][vc_custom_heading text=&#8220;Apartments Isa, Ihre Unterkunft auf der Insel La Palma&#8220; font_container=&#8220;tag:h2|font_size:30px|text_align:left&#8220; use_theme_fonts=&#8220;yes&#8220; [&hellip;]<\/p>\n","protected":false},"author":1,"featured_media":0,"parent":0,"menu_order":0,"comment_status":"closed","ping_status":"closed","template":"byt_home.php","meta":{"footnotes":""},"class_list":["post-1253","page","type-page","status-publish","hentry"],"_links":{"self":[{"href":"https:\/\/apartamentosisa.com\/de\/wp-json\/wp\/v2\/pages\/1253","targetHints":{"allow":["GET"]}}],"collection":[{"href":"https:\/\/apartamentosisa.com\/de\/wp-json\/wp\/v2\/pages"}],"about":[{"href":"https:\/\/apartamentosisa.com\/de\/wp-json\/wp\/v2\/types\/page"}],"author":[{"embeddable":true,"href":"https:\/\/apartamentosisa.com\/de\/wp-json\/wp\/v2\/users\/1"}],"replies":[{"embeddable":true,"href":"https:\/\/apartamentosisa.com\/de\/wp-json\/wp\/v2\/comments?post=1253"}],"version-history":[{"count":2,"href":"https:\/\/apartamentosisa.com\/de\/wp-json\/wp\/v2\/pages\/1253\/revisions"}],"predecessor-version":[{"id":1421,"href":"https:\/\/apartamentosisa.com\/de\/wp-json\/wp\/v2\/pages\/1253\/revisions\/1421"}],"wp:attachment":[{"href":"https:\/\/apartamentosisa.com\/de\/wp-json\/wp\/v2\/media?parent=1253"}],"curies":[{"name":"wp","href":"https:\/\/api.w.org\/{rel}","templated":true}]}}